{"id":20057,"date":"2025-02-14T04:25:42","date_gmt":"2025-02-14T04:25:42","guid":{"rendered":"https:\/\/jallinga.org\/?page_id=20057"},"modified":"2025-02-14T05:41:01","modified_gmt":"2025-02-14T05:41:01","slug":"nuestro-trabajo","status":"publish","type":"page","link":"https:\/\/jallinga.org\/?page_id=20057","title":{"rendered":"Nuestro Trabajo"},"content":{"rendered":"\t\t<div data-elementor-type=\"wp-page\" data-elementor-id=\"20057\" class=\"elementor elementor-20057\">\n\t\t\t\t\t\t<section class=\"elementor-section elementor-top-section elementor-element elementor-element-ddcdeb0 elementor-section-full_width elementor-section-height-default elementor-section-height-default edgtf-elementor-container-no edgtf-section edgtf-parallax-section-holder-touch-disabled edgtf-parallax-section-no\" data-id=\"ddcdeb0\" data-element_type=\"section\" data-e-type=\"section\" data-settings=\"{&quot;background_background&quot;:&quot;classic&quot;}\">\n\t\t\t\t\t\t<div class=\"elementor-container elementor-column-gap-default\">\n\t\t\t\t\t<div class=\"elementor-column elementor-col-100 elementor-top-column elementor-element elementor-element-f02af88\" data-id=\"f02af88\" data-element_type=\"column\" data-e-type=\"column\" data-settings=\"{&quot;background_background&quot;:&quot;classic&quot;}\">\n\t\t\t<div class=\"elementor-widget-wrap elementor-element-populated\">\n\t\t\t\t\t\t<div class=\"elementor-element elementor-element-c3f6cc7 elementor-widget elementor-widget-heading\" data-id=\"c3f6cc7\" data-element_type=\"widget\" data-e-type=\"widget\" data-widget_type=\"heading.default\">\n\t\t\t\t<div class=\"elementor-widget-container\">\n\t\t\t\t\t<h2 class=\"elementor-heading-title elementor-size-default\">QUIENES SOMOS<\/h2>\t\t\t\t<\/div>\n\t\t\t\t<\/div>\n\t\t\t\t\t<\/div>\n\t\t<\/div>\n\t\t\t\t\t<\/div>\n\t\t<\/section>\n\t\t\t\t<section class=\"elementor-section elementor-top-section elementor-element elementor-element-c0a79b7 edgtf-elementor-container-inner elementor-section-boxed elementor-section-height-default elementor-section-height-default edgtf-section edgtf-parallax-section-holder-touch-disabled edgtf-parallax-section-no\" data-id=\"c0a79b7\" data-element_type=\"section\" data-e-type=\"section\" data-settings=\"{&quot;background_background&quot;:&quot;classic&quot;}\">\n\t\t\t\t\t\t<div class=\"elementor-container elementor-column-gap-default\">\n\t\t\t\t\t<div class=\"elementor-column elementor-col-33 elementor-top-column elementor-element elementor-element-f55d71e\" data-id=\"f55d71e\" data-element_type=\"column\" data-e-type=\"column\">\n\t\t\t<div class=\"elementor-widget-wrap elementor-element-populated\">\n\t\t\t\t\t\t<div class=\"elementor-element elementor-element-f8e49c5 elementor-widget elementor-widget-spacer\" data-id=\"f8e49c5\" data-element_type=\"widget\" data-e-type=\"widget\" data-widget_type=\"spacer.default\">\n\t\t\t\t<div class=\"elementor-widget-container\">\n\t\t\t\t\t\t\t<div class=\"elementor-spacer\">\n\t\t\t<div class=\"elementor-spacer-inner\"><\/div>\n\t\t<\/div>\n\t\t\t\t\t\t<\/div>\n\t\t\t\t<\/div>\n\t\t\t\t<div class=\"elementor-element elementor-element-f5d2edd elementor-widget elementor-widget-edgtf_title_with_number\" data-id=\"f5d2edd\" data-element_type=\"widget\" data-e-type=\"widget\" data-widget_type=\"edgtf_title_with_number.default\">\n\t\t\t\t<div class=\"elementor-widget-container\">\n\t\t\t\t\t<h3 class=\"edgtf-title-with-number\" >\n\t<span class=\"edgtf-twn-number\">01<\/span>Misi\u00f3n <\/h3>\t\t\t\t<\/div>\n\t\t\t\t<\/div>\n\t\t\t\t<div class=\"elementor-element elementor-element-ca23dfd elementor-widget elementor-widget-edgtf_separator\" data-id=\"ca23dfd\" data-element_type=\"widget\" data-e-type=\"widget\" data-widget_type=\"edgtf_separator.default\">\n\t\t\t\t<div class=\"elementor-widget-container\">\n\t\t\t\t\t<div class=\"edgtf-separator-holder clearfix  edgtf-separator-center edgtf-separator-normal\">\n\t<div class=\"edgtf-separator\" style=\"border-color: #E7E7E7;width: 100%;border-bottom-width: 2px;margin-top: 0px;margin-bottom: 40px\"><\/div>\n<\/div>\n\t\t\t\t<\/div>\n\t\t\t\t<\/div>\n\t\t\t\t<div class=\"elementor-element elementor-element-9b8ef17 elementor-widget elementor-widget-text-editor\" data-id=\"9b8ef17\" data-element_type=\"widget\" data-e-type=\"widget\" data-widget_type=\"text-editor.default\">\n\t\t\t\t<div class=\"elementor-widget-container\">\n\t\t\t\t\t\t\t\t\t<p>Mejorar la calidad de vida de los Pueblos Ind\u00edgenas de la Amazon\u00eda mediante la defensa de derechos, la soluci\u00f3n de problemas sociales, culturales y econ\u00f3micos, y la promoci\u00f3n de actividades para la conservaci\u00f3n de su entorno y el desarrollo sostenible. Fomentamos la integraci\u00f3n y visibilizaci\u00f3n de su identidad cultural a nivel local, nacional e internacional.<\/p>\t\t\t\t\t\t\t\t<\/div>\n\t\t\t\t<\/div>\n\t\t\t\t\t<\/div>\n\t\t<\/div>\n\t\t\t\t<div class=\"elementor-column elementor-col-33 elementor-top-column elementor-element elementor-element-ce308bf\" data-id=\"ce308bf\" data-element_type=\"column\" data-e-type=\"column\">\n\t\t\t<div class=\"elementor-widget-wrap elementor-element-populated\">\n\t\t\t\t\t\t<div class=\"elementor-element elementor-element-7e88e12 elementor-widget elementor-widget-spacer\" data-id=\"7e88e12\" data-element_type=\"widget\" data-e-type=\"widget\" data-widget_type=\"spacer.default\">\n\t\t\t\t<div class=\"elementor-widget-container\">\n\t\t\t\t\t\t\t<div class=\"elementor-spacer\">\n\t\t\t<div class=\"elementor-spacer-inner\"><\/div>\n\t\t<\/div>\n\t\t\t\t\t\t<\/div>\n\t\t\t\t<\/div>\n\t\t\t\t<div class=\"elementor-element elementor-element-0b95fc4 elementor-widget elementor-widget-edgtf_title_with_number\" data-id=\"0b95fc4\" data-element_type=\"widget\" data-e-type=\"widget\" data-widget_type=\"edgtf_title_with_number.default\">\n\t\t\t\t<div class=\"elementor-widget-container\">\n\t\t\t\t\t<h3 class=\"edgtf-title-with-number\" >\n\t<span class=\"edgtf-twn-number\">02<\/span>Visi\u00f3n<\/h3>\t\t\t\t<\/div>\n\t\t\t\t<\/div>\n\t\t\t\t<div class=\"elementor-element elementor-element-86c897c elementor-widget elementor-widget-edgtf_separator\" data-id=\"86c897c\" data-element_type=\"widget\" data-e-type=\"widget\" data-widget_type=\"edgtf_separator.default\">\n\t\t\t\t<div class=\"elementor-widget-container\">\n\t\t\t\t\t<div class=\"edgtf-separator-holder clearfix  edgtf-separator-center edgtf-separator-normal\">\n\t<div class=\"edgtf-separator\" style=\"border-color: #E7E7E7;width: 100%;border-bottom-width: 2px;margin-top: 0px;margin-bottom: 40px\"><\/div>\n<\/div>\n\t\t\t\t<\/div>\n\t\t\t\t<\/div>\n\t\t\t\t<div class=\"elementor-element elementor-element-2367186 elementor-widget elementor-widget-text-editor\" data-id=\"2367186\" data-element_type=\"widget\" data-e-type=\"widget\" data-widget_type=\"text-editor.default\">\n\t\t\t\t<div class=\"elementor-widget-container\">\n\t\t\t\t\t\t\t\t\t<p><span style=\"font-weight: 400;\">Impulsar la visibilizaci\u00f3n de los Pueblos y Nacionalidades Ind\u00edgenas de la Amazonia de su cultura y la cooperaci\u00f3n para su desarrollo, <\/span><span style=\"font-weight: 400;\">valoraci\u00f3n y conocimiento de su aporte en el pa\u00eds, la promoci\u00f3n de valores democr\u00e1ticos no discriminatorios, la superaci\u00f3n del racismo, la integraci\u00f3n, la solidaridad en la sociedad y el respeto a los derechos constitucionales de la poblaci\u00f3n y la naturaleza.<\/span><\/p>\t\t\t\t\t\t\t\t<\/div>\n\t\t\t\t<\/div>\n\t\t\t\t\t<\/div>\n\t\t<\/div>\n\t\t\t\t<div class=\"elementor-column elementor-col-33 elementor-top-column elementor-element elementor-element-c33a8ff\" data-id=\"c33a8ff\" data-element_type=\"column\" data-e-type=\"column\">\n\t\t\t<div class=\"elementor-widget-wrap elementor-element-populated\">\n\t\t\t\t\t\t<div class=\"elementor-element elementor-element-f17b06c elementor-widget elementor-widget-spacer\" data-id=\"f17b06c\" data-element_type=\"widget\" data-e-type=\"widget\" data-widget_type=\"spacer.default\">\n\t\t\t\t<div class=\"elementor-widget-container\">\n\t\t\t\t\t\t\t<div class=\"elementor-spacer\">\n\t\t\t<div class=\"elementor-spacer-inner\"><\/div>\n\t\t<\/div>\n\t\t\t\t\t\t<\/div>\n\t\t\t\t<\/div>\n\t\t\t\t<div class=\"elementor-element elementor-element-193abe7 elementor-widget elementor-widget-edgtf_title_with_number\" data-id=\"193abe7\" data-element_type=\"widget\" data-e-type=\"widget\" data-widget_type=\"edgtf_title_with_number.default\">\n\t\t\t\t<div class=\"elementor-widget-container\">\n\t\t\t\t\t<h3 class=\"edgtf-title-with-number\" >\n\t<span class=\"edgtf-twn-number\">03<\/span>Nuestro Historia<\/h3>\t\t\t\t<\/div>\n\t\t\t\t<\/div>\n\t\t\t\t<div class=\"elementor-element elementor-element-bc824e5 elementor-widget elementor-widget-edgtf_separator\" data-id=\"bc824e5\" data-element_type=\"widget\" data-e-type=\"widget\" data-widget_type=\"edgtf_separator.default\">\n\t\t\t\t<div class=\"elementor-widget-container\">\n\t\t\t\t\t<div class=\"edgtf-separator-holder clearfix  edgtf-separator-center edgtf-separator-normal\">\n\t<div class=\"edgtf-separator\" style=\"border-color: #E7E7E7;width: 100%;border-bottom-width: 2px;margin-top: 0px;margin-bottom: 40px\"><\/div>\n<\/div>\n\t\t\t\t<\/div>\n\t\t\t\t<\/div>\n\t\t\t\t<div class=\"elementor-element elementor-element-97f106f elementor-widget elementor-widget-text-editor\" data-id=\"97f106f\" data-element_type=\"widget\" data-e-type=\"widget\" data-widget_type=\"text-editor.default\">\n\t\t\t\t<div class=\"elementor-widget-container\">\n\t\t\t\t\t\t\t\t\t<p><span style=\"font-weight: 400;\">Somos una persona jur\u00eddica de derecho privado, sin fines de lucro, cuyo fin primordial es \u00a0 \u00a0 <\/span> <span style=\"font-weight: 400;\">gestionar, coordinar, promover los derechos de los Pueblos ind\u00edgenas de la Amazonia y el pa\u00eds, de la naturaleza y las mujeres en la que se desarrollan, el buen vivir en armon\u00eda con su medioambiente, as\u00ed como, la integraci\u00f3n y difusi\u00f3n cultural con otros pueblos, el desarrollo sostenible, promoviendo la igualdad y respeto a derechos propios.<\/span><\/p>\t\t\t\t\t\t\t\t<\/div>\n\t\t\t\t<\/div>\n\t\t\t\t\t<\/div>\n\t\t<\/div>\n\t\t\t\t\t<\/div>\n\t\t<\/section>\n\t\t\t\t<\/div>\n\t\t","protected":false},"excerpt":{"rendered":"<p>QUIENES SOMOS 01Misi\u00f3n Mejorar la calidad de vida de los Pueblos Ind\u00edgenas de la Amazon\u00eda mediante la defensa de derechos, la soluci\u00f3n de problemas sociales, culturales y econ\u00f3micos, y la promoci\u00f3n de actividades para la conservaci\u00f3n de su entorno y el desarrollo sostenible. Fomentamos la integraci\u00f3n y visibilizaci\u00f3n de su identidad cultural a nivel local,&#8230;<\/p>\n","protected":false},"author":1,"featured_media":0,"parent":0,"menu_order":0,"comment_status":"closed","ping_status":"closed","template":"elementor_header_footer","meta":{"footnotes":""},"class_list":["post-20057","page","type-page","status-publish","hentry"],"yoast_head":"<!-- This site is optimized with the Yoast SEO plugin v27.5 - https:\/\/yoast.com\/product\/yoast-seo-wordpress\/ -->\n<title>Nuestro Trabajo - Fundacion Jallinga<\/title>\n<meta name=\"robots\" content=\"index, follow, max-snippet:-1, max-image-preview:large, max-video-preview:-1\" \/>\n<link rel=\"canonical\" href=\"https:\/\/jallinga.org\/?page_id=20057\" \/>\n<meta property=\"og:locale\" content=\"en_US\" \/>\n<meta property=\"og:type\" content=\"article\" \/>\n<meta property=\"og:title\" content=\"Nuestro Trabajo - Fundacion Jallinga\" \/>\n<meta property=\"og:description\" content=\"QUIENES SOMOS 01Misi\u00f3n Mejorar la calidad de vida de los Pueblos Ind\u00edgenas de la Amazon\u00eda mediante la defensa de derechos, la soluci\u00f3n de problemas sociales, culturales y econ\u00f3micos, y la promoci\u00f3n de actividades para la conservaci\u00f3n de su entorno y el desarrollo sostenible. Fomentamos la integraci\u00f3n y visibilizaci\u00f3n de su identidad cultural a nivel local,...\" \/>\n<meta property=\"og:url\" content=\"https:\/\/jallinga.org\/?page_id=20057\" \/>\n<meta property=\"og:site_name\" content=\"Fundacion Jallinga\" \/>\n<meta property=\"article:modified_time\" content=\"2025-02-14T05:41:01+00:00\" \/>\n<meta name=\"twitter:card\" content=\"summary_large_image\" \/>\n<meta name=\"twitter:label1\" content=\"Est. reading time\" \/>\n\t<meta name=\"twitter:data1\" content=\"1 minute\" \/>\n<script type=\"application\/ld+json\" class=\"yoast-schema-graph\">{\"@context\":\"https:\\\/\\\/schema.org\",\"@graph\":[{\"@type\":\"WebPage\",\"@id\":\"https:\\\/\\\/jallinga.org\\\/?page_id=20057\",\"url\":\"https:\\\/\\\/jallinga.org\\\/?page_id=20057\",\"name\":\"Nuestro Trabajo - Fundacion Jallinga\",\"isPartOf\":{\"@id\":\"https:\\\/\\\/jallinga.org\\\/#website\"},\"datePublished\":\"2025-02-14T04:25:42+00:00\",\"dateModified\":\"2025-02-14T05:41:01+00:00\",\"breadcrumb\":{\"@id\":\"https:\\\/\\\/jallinga.org\\\/?page_id=20057#breadcrumb\"},\"inLanguage\":\"en-US\",\"potentialAction\":[{\"@type\":\"ReadAction\",\"target\":[\"https:\\\/\\\/jallinga.org\\\/?page_id=20057\"]}]},{\"@type\":\"BreadcrumbList\",\"@id\":\"https:\\\/\\\/jallinga.org\\\/?page_id=20057#breadcrumb\",\"itemListElement\":[{\"@type\":\"ListItem\",\"position\":1,\"name\":\"Home\",\"item\":\"https:\\\/\\\/jallinga.org\\\/\"},{\"@type\":\"ListItem\",\"position\":2,\"name\":\"Nuestro Trabajo\"}]},{\"@type\":\"WebSite\",\"@id\":\"https:\\\/\\\/jallinga.org\\\/#website\",\"url\":\"https:\\\/\\\/jallinga.org\\\/\",\"name\":\"Fundacion Jallinga\",\"description\":\"\",\"publisher\":{\"@id\":\"https:\\\/\\\/jallinga.org\\\/#organization\"},\"potentialAction\":[{\"@type\":\"SearchAction\",\"target\":{\"@type\":\"EntryPoint\",\"urlTemplate\":\"https:\\\/\\\/jallinga.org\\\/?s={search_term_string}\"},\"query-input\":{\"@type\":\"PropertyValueSpecification\",\"valueRequired\":true,\"valueName\":\"search_term_string\"}}],\"inLanguage\":\"en-US\"},{\"@type\":\"Organization\",\"@id\":\"https:\\\/\\\/jallinga.org\\\/#organization\",\"name\":\"Fundacion Jallinga\",\"url\":\"https:\\\/\\\/jallinga.org\\\/\",\"logo\":{\"@type\":\"ImageObject\",\"inLanguage\":\"en-US\",\"@id\":\"https:\\\/\\\/jallinga.org\\\/#\\\/schema\\\/logo\\\/image\\\/\",\"url\":\"https:\\\/\\\/jallinga.org\\\/wp-content\\\/uploads\\\/2025\\\/01\\\/logo-JALLINGA-1-1.png\",\"contentUrl\":\"https:\\\/\\\/jallinga.org\\\/wp-content\\\/uploads\\\/2025\\\/01\\\/logo-JALLINGA-1-1.png\",\"width\":515,\"height\":650,\"caption\":\"Fundacion Jallinga\"},\"image\":{\"@id\":\"https:\\\/\\\/jallinga.org\\\/#\\\/schema\\\/logo\\\/image\\\/\"}}]}<\/script>\n<!-- \/ Yoast SEO plugin. -->","yoast_head_json":{"title":"Nuestro Trabajo - Fundacion Jallinga","robots":{"index":"index","follow":"follow","max-snippet":"max-snippet:-1","max-image-preview":"max-image-preview:large","max-video-preview":"max-video-preview:-1"},"canonical":"https:\/\/jallinga.org\/?page_id=20057","og_locale":"en_US","og_type":"article","og_title":"Nuestro Trabajo - Fundacion Jallinga","og_description":"QUIENES SOMOS 01Misi\u00f3n Mejorar la calidad de vida de los Pueblos Ind\u00edgenas de la Amazon\u00eda mediante la defensa de derechos, la soluci\u00f3n de problemas sociales, culturales y econ\u00f3micos, y la promoci\u00f3n de actividades para la conservaci\u00f3n de su entorno y el desarrollo sostenible. Fomentamos la integraci\u00f3n y visibilizaci\u00f3n de su identidad cultural a nivel local,...","og_url":"https:\/\/jallinga.org\/?page_id=20057","og_site_name":"Fundacion Jallinga","article_modified_time":"2025-02-14T05:41:01+00:00","twitter_card":"summary_large_image","twitter_misc":{"Est. reading time":"1 minute"},"schema":{"@context":"https:\/\/schema.org","@graph":[{"@type":"WebPage","@id":"https:\/\/jallinga.org\/?page_id=20057","url":"https:\/\/jallinga.org\/?page_id=20057","name":"Nuestro Trabajo - Fundacion Jallinga","isPartOf":{"@id":"https:\/\/jallinga.org\/#website"},"datePublished":"2025-02-14T04:25:42+00:00","dateModified":"2025-02-14T05:41:01+00:00","breadcrumb":{"@id":"https:\/\/jallinga.org\/?page_id=20057#breadcrumb"},"inLanguage":"en-US","potentialAction":[{"@type":"ReadAction","target":["https:\/\/jallinga.org\/?page_id=20057"]}]},{"@type":"BreadcrumbList","@id":"https:\/\/jallinga.org\/?page_id=20057#breadcrumb","itemListElement":[{"@type":"ListItem","position":1,"name":"Home","item":"https:\/\/jallinga.org\/"},{"@type":"ListItem","position":2,"name":"Nuestro Trabajo"}]},{"@type":"WebSite","@id":"https:\/\/jallinga.org\/#website","url":"https:\/\/jallinga.org\/","name":"Fundacion Jallinga","description":"","publisher":{"@id":"https:\/\/jallinga.org\/#organization"},"potentialAction":[{"@type":"SearchAction","target":{"@type":"EntryPoint","urlTemplate":"https:\/\/jallinga.org\/?s={search_term_string}"},"query-input":{"@type":"PropertyValueSpecification","valueRequired":true,"valueName":"search_term_string"}}],"inLanguage":"en-US"},{"@type":"Organization","@id":"https:\/\/jallinga.org\/#organization","name":"Fundacion Jallinga","url":"https:\/\/jallinga.org\/","logo":{"@type":"ImageObject","inLanguage":"en-US","@id":"https:\/\/jallinga.org\/#\/schema\/logo\/image\/","url":"https:\/\/jallinga.org\/wp-content\/uploads\/2025\/01\/logo-JALLINGA-1-1.png","contentUrl":"https:\/\/jallinga.org\/wp-content\/uploads\/2025\/01\/logo-JALLINGA-1-1.png","width":515,"height":650,"caption":"Fundacion Jallinga"},"image":{"@id":"https:\/\/jallinga.org\/#\/schema\/logo\/image\/"}}]}},"brizy_media":[],"_links":{"self":[{"href":"https:\/\/jallinga.org\/index.php?rest_route=\/wp\/v2\/pages\/20057","targetHints":{"allow":["GET"]}}],"collection":[{"href":"https:\/\/jallinga.org\/index.php?rest_route=\/wp\/v2\/pages"}],"about":[{"href":"https:\/\/jallinga.org\/index.php?rest_route=\/wp\/v2\/types\/page"}],"author":[{"embeddable":true,"href":"https:\/\/jallinga.org\/index.php?rest_route=\/wp\/v2\/users\/1"}],"replies":[{"embeddable":true,"href":"https:\/\/jallinga.org\/index.php?rest_route=%2Fwp%2Fv2%2Fcomments&post=20057"}],"version-history":[{"count":4,"href":"https:\/\/jallinga.org\/index.php?rest_route=\/wp\/v2\/pages\/20057\/revisions"}],"predecessor-version":[{"id":20078,"href":"https:\/\/jallinga.org\/index.php?rest_route=\/wp\/v2\/pages\/20057\/revisions\/20078"}],"wp:attachment":[{"href":"https:\/\/jallinga.org\/index.php?rest_route=%2Fwp%2Fv2%2Fmedia&parent=20057"}],"curies":[{"name":"wp","href":"https:\/\/api.w.org\/{rel}","templated":true}]}}